{"id":2484,"date":"2020-09-02T08:21:27","date_gmt":"2020-09-02T08:21:27","guid":{"rendered":"https:\/\/taky.es\/?page_id=2484"},"modified":"2022-08-05T06:50:11","modified_gmt":"2022-08-05T06:50:11","slug":"contact","status":"publish","type":"page","link":"https:\/\/taky.es\/en\/contact\/","title":{"rendered":"Contact"},"content":{"rendered":"\n<style type=\"text\/css\" data-created_by=\"avia_inline_auto\" id=\"style-css-av-kel4hpuo-a867a41803cc19d6219ec06bfc1348b2\">\n.avia-section.av-kel4hpuo-a867a41803cc19d6219ec06bfc1348b2 .av-parallax .av-parallax-inner{\nbackground-repeat:no-repeat;\nbackground-image:url(https:\/\/taky.es\/wp-content\/uploads\/2020\/09\/BG_CHICAS_9-1.jpg);\nbackground-position:100% 50%;\nbackground-attachment:scroll;\n}\n<\/style>\n<div id='av_section_1'  class='avia-section av-kel4hpuo-a867a41803cc19d6219ec06bfc1348b2 main_color avia-section-default avia-no-border-styling  avia-builder-el-0  el_before_av_section  avia-builder-el-first  av-small-hide av-mini-hide avia-full-stretch av-parallax-section avia-bg-style-parallax av-minimum-height av-minimum-height-25 av-height-25  container_wrap sidebar_right'  data-section-bg-repeat='stretch' data-av_minimum_height_pc='25' data-av_min_height_opt='25'><div class='av-parallax' data-avia-parallax-ratio='0.3' ><div class='av-parallax-inner main_color avia-full-stretch'><\/div><\/div><div class='container av-section-cont-open' ><main  role=\"main\" itemprop=\"mainContentOfPage\"  class='template-page content  av-content-small alpha units'><div class='post-entry post-entry-type-page post-entry-2484'><div class='entry-content-wrapper clearfix'>\n\n<style type=\"text\/css\" data-created_by=\"avia_inline_auto\" id=\"style-css-av-kesbqlhl-b238e800c73ed6c51bffa5219aa5246e\">\n.flex_column.av-kesbqlhl-b238e800c73ed6c51bffa5219aa5246e{\nborder-radius:0px 0px 0px 0px;\npadding:0px 0px 0px 0px;\n}\n<\/style>\n<div  class='flex_column av-kesbqlhl-b238e800c73ed6c51bffa5219aa5246e av_one_full  avia-builder-el-1  avia-builder-el-no-sibling  first flex_column_div av-animated-generic av-rotateInUpLeft av-zero-column-padding  '     ><style type=\"text\/css\" data-created_by=\"avia_inline_auto\" id=\"style-css-av-71n5n-58758e372765caa17021fca5f17b1810\">\n#top .av-special-heading.av-71n5n-58758e372765caa17021fca5f17b1810{\nmargin:0 0 0 0;\npadding-bottom:0;\nfont-size:70px;\n}\nbody .av-special-heading.av-71n5n-58758e372765caa17021fca5f17b1810 .av-special-heading-tag .heading-char{\nfont-size:25px;\n}\n#top #wrap_all .av-special-heading.av-71n5n-58758e372765caa17021fca5f17b1810 .av-special-heading-tag{\nfont-size:70px;\n}\n.av-special-heading.av-71n5n-58758e372765caa17021fca5f17b1810 .av-subheading{\nfont-size:15px;\n}\n\n@media only screen and (min-width: 480px) and (max-width: 767px){ \n#top #wrap_all .av-special-heading.av-71n5n-58758e372765caa17021fca5f17b1810 .av-special-heading-tag{\nfont-size:0.8em;\n}\n}\n\n@media only screen and (max-width: 479px){ \n#top #wrap_all .av-special-heading.av-71n5n-58758e372765caa17021fca5f17b1810 .av-special-heading-tag{\nfont-size:0.8em;\n}\n}\n<\/style>\n<div  class='av-special-heading av-71n5n-58758e372765caa17021fca5f17b1810 av-special-heading-h3 blockquote modern-quote  avia-builder-el-2  avia-builder-el-no-sibling  av-inherit-size'><h3 class='av-special-heading-tag '  itemprop=\"headline\"  >CONTACT<\/h3><div class=\"special-heading-border\"><div class=\"special-heading-inner-border\"><\/div><\/div><\/div><\/div>\n\n<\/div><\/div><\/main><!-- close content main element --><\/div><\/div>\n<style type=\"text\/css\" data-created_by=\"avia_inline_auto\" id=\"style-css-av-kel4hpuo-74d10259f72f69d938e24f9e5e1b4b09\">\n.avia-section.av-kel4hpuo-74d10259f72f69d938e24f9e5e1b4b09{\nbackground-repeat:no-repeat;\nbackground-image:url(https:\/\/taky.es\/wp-content\/uploads\/2020\/09\/BG_CHICAS_4.jpg);\nbackground-position:100% 50%;\nbackground-attachment:scroll;\n}\n<\/style>\n<div id='av_section_2'  class='avia-section av-kel4hpuo-74d10259f72f69d938e24f9e5e1b4b09 main_color avia-section-default avia-no-border-styling  avia-builder-el-3  el_after_av_section  el_before_av_section  av-desktop-hide av-medium-hide avia-full-stretch avia-bg-style-scroll av-minimum-height av-minimum-height-25 av-height-25  container_wrap sidebar_right'  data-section-bg-repeat='stretch' data-av_minimum_height_pc='25' data-av_min_height_opt='25'><div class='container av-section-cont-open' ><div class='template-page content  av-content-small alpha units'><div class='post-entry post-entry-type-page post-entry-2484'><div class='entry-content-wrapper clearfix'>\n\n<style type=\"text\/css\" data-created_by=\"avia_inline_auto\" id=\"style-css-av-kesbqlhl-b238e800c73ed6c51bffa5219aa5246e\">\n.flex_column.av-kesbqlhl-b238e800c73ed6c51bffa5219aa5246e{\nborder-radius:0px 0px 0px 0px;\npadding:0px 0px 0px 0px;\n}\n<\/style>\n<div  class='flex_column av-kesbqlhl-b238e800c73ed6c51bffa5219aa5246e av_one_full  avia-builder-el-4  avia-builder-el-no-sibling  first flex_column_div av-animated-generic av-rotateInUpLeft av-zero-column-padding  '     ><style type=\"text\/css\" data-created_by=\"avia_inline_auto\" id=\"style-css-av-71n5n-58758e372765caa17021fca5f17b1810\">\n#top .av-special-heading.av-71n5n-58758e372765caa17021fca5f17b1810{\nmargin:0 0 0 0;\npadding-bottom:0;\nfont-size:70px;\n}\nbody .av-special-heading.av-71n5n-58758e372765caa17021fca5f17b1810 .av-special-heading-tag .heading-char{\nfont-size:25px;\n}\n#top #wrap_all .av-special-heading.av-71n5n-58758e372765caa17021fca5f17b1810 .av-special-heading-tag{\nfont-size:70px;\n}\n.av-special-heading.av-71n5n-58758e372765caa17021fca5f17b1810 .av-subheading{\nfont-size:15px;\n}\n\n@media only screen and (min-width: 480px) and (max-width: 767px){ \n#top #wrap_all .av-special-heading.av-71n5n-58758e372765caa17021fca5f17b1810 .av-special-heading-tag{\nfont-size:0.8em;\n}\n}\n\n@media only screen and (max-width: 479px){ \n#top #wrap_all .av-special-heading.av-71n5n-58758e372765caa17021fca5f17b1810 .av-special-heading-tag{\nfont-size:0.8em;\n}\n}\n<\/style>\n<div  class='av-special-heading av-71n5n-58758e372765caa17021fca5f17b1810 av-special-heading-h3 blockquote modern-quote  avia-builder-el-5  avia-builder-el-no-sibling  av-inherit-size'><h3 class='av-special-heading-tag '  itemprop=\"headline\"  >CONTACT<\/h3><div class=\"special-heading-border\"><div class=\"special-heading-inner-border\"><\/div><\/div><\/div><\/div>\n\n<\/div><\/div><\/div><!-- close content main div --><\/div><\/div><div id='av_section_3'  class='avia-section av-nenmr-95b36ebbdb3c3831d08e7ed148482079 main_color avia-section-default avia-no-border-styling  avia-builder-el-6  el_after_av_section  avia-builder-el-last  avia-bg-style-scroll container_wrap sidebar_right'  ><div class='container av-section-cont-open' ><div class='template-page content  av-content-small alpha units'><div class='post-entry post-entry-type-page post-entry-2484'><div class='entry-content-wrapper clearfix'>\n\n<style type=\"text\/css\" data-created_by=\"avia_inline_auto\" id=\"style-css-av-1mfdn-d1036a42226d123999c4b840bcd55b75\">\n.flex_column.av-1mfdn-d1036a42226d123999c4b840bcd55b75{\nborder-radius:0px 0px 0px 0px;\npadding:0px 0px 0px 0px;\n}\n<\/style>\n<div  class='flex_column av-1mfdn-d1036a42226d123999c4b840bcd55b75 av_one_half  avia-builder-el-7  el_before_av_one_half  avia-builder-el-first  first flex_column_div av-zero-column-padding  '     ><p>\n<style type=\"text\/css\" data-created_by=\"avia_inline_auto\" id=\"style-css-av-l6ddc0a5-603dca3e4f89c482a73d08ee33145e79\">\n#top .av-special-heading.av-l6ddc0a5-603dca3e4f89c482a73d08ee33145e79{\nmargin:0 0 0 0;\npadding-bottom:0;\ncolor:#80238a;\nfont-size:28px;\n}\nbody .av-special-heading.av-l6ddc0a5-603dca3e4f89c482a73d08ee33145e79 .av-special-heading-tag .heading-char{\nfont-size:25px;\n}\n#top #wrap_all .av-special-heading.av-l6ddc0a5-603dca3e4f89c482a73d08ee33145e79 .av-special-heading-tag{\nfont-size:28px;\n}\n.av-special-heading.av-l6ddc0a5-603dca3e4f89c482a73d08ee33145e79 .special-heading-inner-border{\nborder-color:#80238a;\n}\n.av-special-heading.av-l6ddc0a5-603dca3e4f89c482a73d08ee33145e79 .av-subheading{\nfont-size:15px;\n}\n\n@media only screen and (min-width: 480px) and (max-width: 767px){ \n#top #wrap_all .av-special-heading.av-l6ddc0a5-603dca3e4f89c482a73d08ee33145e79 .av-special-heading-tag{\nfont-size:0.8em;\n}\n}\n\n@media only screen and (max-width: 479px){ \n#top #wrap_all .av-special-heading.av-l6ddc0a5-603dca3e4f89c482a73d08ee33145e79 .av-special-heading-tag{\nfont-size:0.8em;\n}\n}\n<\/style>\n<div  class='av-special-heading av-l6ddc0a5-603dca3e4f89c482a73d08ee33145e79 av-special-heading-h3 custom-color-heading blockquote modern-quote  avia-builder-el-8  el_before_av_textblock  avia-builder-el-first  av-inherit-size'><h3 class='av-special-heading-tag '  itemprop=\"headline\"  >CONSUMER HELPLINE<\/h3><div class=\"special-heading-border\"><div class=\"special-heading-inner-border\"><\/div><\/div><\/div><br \/>\n\n<style type=\"text\/css\" data-created_by=\"avia_inline_auto\" id=\"style-css-av-km4mhgvv-2600be3232f387f96a22e949ce97a61b\">\n#top .av_textblock_section.av-km4mhgvv-2600be3232f387f96a22e949ce97a61b .avia_textblock{\nfont-size:40px;\ncolor:#707070;\n}\n<\/style>\n<section  class='av_textblock_section av-km4mhgvv-2600be3232f387f96a22e949ce97a61b '   itemscope=\"itemscope\" itemtype=\"https:\/\/schema.org\/CreativeWork\" ><div class='avia_textblock underlinetel av_inherit_color'  itemprop=\"text\" ><p><a href=\"tel:+34674353706\">674 353 706<\/a><\/p>\n<\/div><\/section><br \/>\n<div  class='av_gmaps_sc_main_wrap av_gmaps_main_wrap '><div id='av_gmap_0' class='avia-google-map-container avia-google-map-sc av_gmaps_show_unconditionally av-no-fallback-img ' data-mapid='av_gmap_0'  style='height: 400px;'><a class=\"av_gmaps_browser_disabled av_text_confirm_link av_text_confirm_link_visible\" href=\"https:\/\/www.google.com\/maps\/search\/?api=1&#038;query=Ronda%20de%20Santa%20Mar\u00eda,%20200,%2008210%20Barber\u00e0%20del%20Vall\u00e8s%20%20Barcelona%20Barcelona%20Espa\u00f1a\" target=\"_blank\">Maps were disabled by the visitor on this site. Click to open the map in a new window.<\/a><\/div><\/div><br \/>\n\n<style type=\"text\/css\" data-created_by=\"avia_inline_auto\" id=\"style-css-av-l6dddk6m-f588354507598cfbb08247a98fd38252\">\n#top .av-special-heading.av-l6dddk6m-f588354507598cfbb08247a98fd38252{\nmargin:30px 10px 10px 0;\npadding-bottom:10px;\ncolor:#80238a;\nfont-size:28px;\n}\nbody .av-special-heading.av-l6dddk6m-f588354507598cfbb08247a98fd38252 .av-special-heading-tag .heading-char{\nfont-size:25px;\n}\n#top #wrap_all .av-special-heading.av-l6dddk6m-f588354507598cfbb08247a98fd38252 .av-special-heading-tag{\nfont-size:28px;\n}\n.av-special-heading.av-l6dddk6m-f588354507598cfbb08247a98fd38252 .special-heading-inner-border{\nborder-color:#80238a;\n}\n.av-special-heading.av-l6dddk6m-f588354507598cfbb08247a98fd38252 .av-subheading{\nfont-size:15px;\n}\n\n@media only screen and (min-width: 480px) and (max-width: 767px){ \n#top #wrap_all .av-special-heading.av-l6dddk6m-f588354507598cfbb08247a98fd38252 .av-special-heading-tag{\nfont-size:0.8em;\n}\n}\n\n@media only screen and (max-width: 479px){ \n#top #wrap_all .av-special-heading.av-l6dddk6m-f588354507598cfbb08247a98fd38252 .av-special-heading-tag{\nfont-size:0.8em;\n}\n}\n<\/style>\n<div  class='av-special-heading av-l6dddk6m-f588354507598cfbb08247a98fd38252 av-special-heading-h3 custom-color-heading blockquote modern-quote  avia-builder-el-11  el_after_av_google_map  avia-builder-el-no-sibling  av-inherit-size'><h3 class='av-special-heading-tag '  itemprop=\"headline\"  >LOCATION<\/h3><div class='av_custom_color av-subheading av-subheading_below'><p>Laboratorios Byly S.A.<br \/>\nRonda de Santa Mar\u00eda, 200, 08210 Barber\u00e0 del Vall\u00e8s, Barcelona, Espa\u00f1a<br \/>\nTel\u00e9fono: 937 29 48 48<\/p>\n<\/div><div class=\"special-heading-border\"><div class=\"special-heading-inner-border\"><\/div><\/div><\/div><\/p><\/div>\n<style type=\"text\/css\" data-created_by=\"avia_inline_auto\" id=\"style-css-av-ax1ob-131f1dead0172ea9d3e89253c4f9d7cc\">\n.flex_column.av-ax1ob-131f1dead0172ea9d3e89253c4f9d7cc{\nborder-radius:0px 0px 0px 0px;\npadding:0px 0px 0px 0px;\n}\n<\/style>\n<div  class='flex_column av-ax1ob-131f1dead0172ea9d3e89253c4f9d7cc av_one_half  avia-builder-el-12  el_after_av_one_half  avia-builder-el-last  flex_column_div av-zero-column-padding  '     ><p>\n<style type=\"text\/css\" data-created_by=\"avia_inline_auto\" id=\"style-css-av-l6ddcffu-3a029bf5d06c3922bce838ba578ce1c8\">\n#top .av-special-heading.av-l6ddcffu-3a029bf5d06c3922bce838ba578ce1c8{\nmargin:0 10px 10px 0;\npadding-bottom:10px;\ncolor:#80238a;\nfont-size:28px;\n}\nbody .av-special-heading.av-l6ddcffu-3a029bf5d06c3922bce838ba578ce1c8 .av-special-heading-tag .heading-char{\nfont-size:25px;\n}\n#top #wrap_all .av-special-heading.av-l6ddcffu-3a029bf5d06c3922bce838ba578ce1c8 .av-special-heading-tag{\nfont-size:28px;\n}\n.av-special-heading.av-l6ddcffu-3a029bf5d06c3922bce838ba578ce1c8 .special-heading-inner-border{\nborder-color:#80238a;\n}\n.av-special-heading.av-l6ddcffu-3a029bf5d06c3922bce838ba578ce1c8 .av-subheading{\nfont-size:15px;\n}\n\n@media only screen and (min-width: 480px) and (max-width: 767px){ \n#top #wrap_all .av-special-heading.av-l6ddcffu-3a029bf5d06c3922bce838ba578ce1c8 .av-special-heading-tag{\nfont-size:0.8em;\n}\n}\n\n@media only screen and (max-width: 479px){ \n#top #wrap_all .av-special-heading.av-l6ddcffu-3a029bf5d06c3922bce838ba578ce1c8 .av-special-heading-tag{\nfont-size:0.8em;\n}\n}\n<\/style>\n<div  class='av-special-heading av-l6ddcffu-3a029bf5d06c3922bce838ba578ce1c8 av-special-heading-h3 custom-color-heading blockquote modern-quote  avia-builder-el-13  el_before_av_codeblock  avia-builder-el-first  av-inherit-size'><h3 class='av-special-heading-tag '  itemprop=\"headline\"  >CONTACT US<\/h3><div class='av_custom_color av-subheading av-subheading_below'><p>Fill in the form and we will answer your questions.<\/p>\n<\/div><div class=\"special-heading-border\"><div class=\"special-heading-inner-border\"><\/div><\/div><\/div><br \/>\n<\/p><\/div><\/div><\/div><\/div><!-- close content main div --><\/div><\/div><div id='after_section_3'  class='main_color av_default_container_wrap container_wrap sidebar_right'  ><div class='container av-section-cont-open' ><div class='template-page content  av-content-small alpha units'><div class='post-entry post-entry-type-page post-entry-2484'><div class='entry-content-wrapper clearfix'>\n","protected":false},"excerpt":{"rendered":"","protected":false},"author":3,"featured_media":0,"parent":0,"menu_order":0,"comment_status":"closed","ping_status":"closed","template":"","meta":{"footnotes":""},"class_list":["post-2484","page","type-page","status-publish","hentry"],"yoast_head":"<!-- This site is optimized with the Yoast SEO plugin v27.5 - https:\/\/yoast.com\/product\/yoast-seo-wordpress\/ -->\n<title>Contact - Taky<\/title>\n<meta name=\"robots\" content=\"noindex, follow\" \/>\n<meta property=\"og:locale\" content=\"en_US\" \/>\n<meta property=\"og:type\" content=\"article\" \/>\n<meta property=\"og:title\" content=\"Contact - Taky\" \/>\n<meta property=\"og:url\" content=\"https:\/\/taky.es\/en\/contact\/\" \/>\n<meta property=\"og:site_name\" content=\"Taky\" \/>\n<meta property=\"article:modified_time\" content=\"2022-08-05T06:50:11+00:00\" \/>\n<meta name=\"twitter:card\" content=\"summary_large_image\" \/>\n<meta name=\"twitter:label1\" content=\"Est. reading time\" \/>\n\t<meta name=\"twitter:data1\" content=\"3 minutes\" \/>\n<script type=\"application\/ld+json\" class=\"yoast-schema-graph\">{\"@context\":\"https:\\\/\\\/schema.org\",\"@graph\":[{\"@type\":\"WebPage\",\"@id\":\"https:\\\/\\\/taky.es\\\/en\\\/contact\\\/\",\"url\":\"https:\\\/\\\/taky.es\\\/en\\\/contact\\\/\",\"name\":\"Contact - Taky\",\"isPartOf\":{\"@id\":\"https:\\\/\\\/taky.es\\\/en\\\/#website\"},\"datePublished\":\"2020-09-02T08:21:27+00:00\",\"dateModified\":\"2022-08-05T06:50:11+00:00\",\"breadcrumb\":{\"@id\":\"https:\\\/\\\/taky.es\\\/en\\\/contact\\\/#breadcrumb\"},\"inLanguage\":\"en-US\",\"potentialAction\":[{\"@type\":\"ReadAction\",\"target\":[\"https:\\\/\\\/taky.es\\\/en\\\/contact\\\/\"]}]},{\"@type\":\"BreadcrumbList\",\"@id\":\"https:\\\/\\\/taky.es\\\/en\\\/contact\\\/#breadcrumb\",\"itemListElement\":[{\"@type\":\"ListItem\",\"position\":1,\"name\":\"Portada\",\"item\":\"https:\\\/\\\/taky.es\\\/en\\\/inicio\\\/\"},{\"@type\":\"ListItem\",\"position\":2,\"name\":\"Contact\"}]},{\"@type\":\"WebSite\",\"@id\":\"https:\\\/\\\/taky.es\\\/en\\\/#website\",\"url\":\"https:\\\/\\\/taky.es\\\/en\\\/\",\"name\":\"Taky\",\"description\":\"tu sal\u00f3n de belleza en casa\",\"potentialAction\":[{\"@type\":\"SearchAction\",\"target\":{\"@type\":\"EntryPoint\",\"urlTemplate\":\"https:\\\/\\\/taky.es\\\/en\\\/?s={search_term_string}\"},\"query-input\":{\"@type\":\"PropertyValueSpecification\",\"valueRequired\":true,\"valueName\":\"search_term_string\"}}],\"inLanguage\":\"en-US\"}]}<\/script>\n<!-- \/ Yoast SEO plugin. -->","yoast_head_json":{"title":"Contact - Taky","robots":{"index":"noindex","follow":"follow"},"og_locale":"en_US","og_type":"article","og_title":"Contact - Taky","og_url":"https:\/\/taky.es\/en\/contact\/","og_site_name":"Taky","article_modified_time":"2022-08-05T06:50:11+00:00","twitter_card":"summary_large_image","twitter_misc":{"Est. reading time":"3 minutes"},"schema":{"@context":"https:\/\/schema.org","@graph":[{"@type":"WebPage","@id":"https:\/\/taky.es\/en\/contact\/","url":"https:\/\/taky.es\/en\/contact\/","name":"Contact - Taky","isPartOf":{"@id":"https:\/\/taky.es\/en\/#website"},"datePublished":"2020-09-02T08:21:27+00:00","dateModified":"2022-08-05T06:50:11+00:00","breadcrumb":{"@id":"https:\/\/taky.es\/en\/contact\/#breadcrumb"},"inLanguage":"en-US","potentialAction":[{"@type":"ReadAction","target":["https:\/\/taky.es\/en\/contact\/"]}]},{"@type":"BreadcrumbList","@id":"https:\/\/taky.es\/en\/contact\/#breadcrumb","itemListElement":[{"@type":"ListItem","position":1,"name":"Portada","item":"https:\/\/taky.es\/en\/inicio\/"},{"@type":"ListItem","position":2,"name":"Contact"}]},{"@type":"WebSite","@id":"https:\/\/taky.es\/en\/#website","url":"https:\/\/taky.es\/en\/","name":"Taky","description":"tu sal\u00f3n de belleza en casa","potentialAction":[{"@type":"SearchAction","target":{"@type":"EntryPoint","urlTemplate":"https:\/\/taky.es\/en\/?s={search_term_string}"},"query-input":{"@type":"PropertyValueSpecification","valueRequired":true,"valueName":"search_term_string"}}],"inLanguage":"en-US"}]}},"_links":{"self":[{"href":"https:\/\/taky.es\/en\/wp-json\/wp\/v2\/pages\/2484","targetHints":{"allow":["GET"]}}],"collection":[{"href":"https:\/\/taky.es\/en\/wp-json\/wp\/v2\/pages"}],"about":[{"href":"https:\/\/taky.es\/en\/wp-json\/wp\/v2\/types\/page"}],"author":[{"embeddable":true,"href":"https:\/\/taky.es\/en\/wp-json\/wp\/v2\/users\/3"}],"replies":[{"embeddable":true,"href":"https:\/\/taky.es\/en\/wp-json\/wp\/v2\/comments?post=2484"}],"version-history":[{"count":3,"href":"https:\/\/taky.es\/en\/wp-json\/wp\/v2\/pages\/2484\/revisions"}],"predecessor-version":[{"id":2570,"href":"https:\/\/taky.es\/en\/wp-json\/wp\/v2\/pages\/2484\/revisions\/2570"}],"wp:attachment":[{"href":"https:\/\/taky.es\/en\/wp-json\/wp\/v2\/media?parent=2484"}],"curies":[{"name":"wp","href":"https:\/\/api.w.org\/{rel}","templated":true}]}}